{"id":15906,"date":"2025-07-03T06:59:06","date_gmt":"2025-07-03T06:59:06","guid":{"rendered":"https:\/\/www.bocon-tec.com\/?page_id=15906"},"modified":"2025-07-11T10:30:52","modified_gmt":"2025-07-11T10:30:52","slug":"faq","status":"publish","type":"page","link":"https:\/\/www.bocon-tec.com\/vi\/faq\/","title":{"rendered":"Nh\u1eefng c\u00e2u h\u1ecfi th\u01b0\u1eddng g\u1eb7p"},"content":{"rendered":"<div data-elementor-type=\"wp-page\" data-elementor-id=\"15906\" class=\"elementor elementor-15906\">\n\t\t\t\t<div class=\"wd-negative-gap elementor-element elementor-element-f3e05ed e-flex e-con-boxed e-con e-parent\" data-id=\"f3e05ed\" data-element_type=\"container\">\n\t\t\t\t\t<div class=\"e-con-inner\">\n\t\t\t\t<div class=\"elementor-element elementor-element-325d6cc elementor-widget elementor-widget-spacer\" data-id=\"325d6cc\" data-element_type=\"widget\" data-widget_type=\"spacer.default\">\n\t\t\t\t<div class=\"elementor-widget-container\">\n\t\t\t\t\t\t\t<div class=\"elementor-spacer\">\n\t\t\t<div class=\"elementor-spacer-inner\"><\/div>\n\t\t<\/div>\n\t\t\t\t\t\t<\/div>\n\t\t\t\t<\/div>\n\t\t\t\t<div class=\"elementor-element elementor-element-916d33d elementor-widget elementor-widget-wd_accordion\" data-id=\"916d33d\" data-element_type=\"widget\" data-widget_type=\"wd_accordion.default\">\n\t\t\t\t<div class=\"elementor-widget-container\">\n\t\t\t\t\t\n\t\t<div class=\"wd-accordion wd-style-default wd-titles-left wd-opener-pos-left wd-opener-style-arrow\" data-state=\"first\">\n\t\t\t\t\t\t\t\n\t\t\t\t<div class=\"wd-accordion-item\">\n\t\t\t\t\t<div class=\"wd-accordion-title wd-active\" data-accordion-index=\"0\">\n\t\t\t\t\t\t<div class=\"wd-accordion-title-text\">\n\t\t\t\t\t\t\t\t\t\t\t\t\t\t<span>\n\t\t\t\t\t\t\t\tT\u00f4i n\u00ean mua m\u00e1y ph\u00e1t \u0111i\u1ec7n c\u1ee1 n\u00e0o?\t\t\t\t\t\t\t<\/span>\n\t\t\t\t\t\t<\/div>\n\t\t\t\t\t\t<span class=\"wd-accordion-opener\"><\/span>\n\t\t\t\t\t<\/div>\n\n\t\t\t\t\t<div class=\"wd-accordion-content wd-entry-content wd-active\" data-accordion-index=\"0\">\n\t\t\t\t\t\t\t\t\t\t\t\t\t\n\t\t\t\t\t\t\t<p>C\u00f4ng su\u1ea5t c\u1ea7n thi\u1ebft s\u1ebd quy\u1ebft \u0111\u1ecbnh k\u00edch th\u01b0\u1edbc m\u00e1y ph\u00e1t \u0111i\u1ec7n ph\u00f9 h\u1ee3p. C\u1ed9ng c\u00f4ng su\u1ea5t c\u1ee7a t\u1ea5t c\u1ea3 c\u00e1c thi\u1ebft b\u1ecb c\u1ea7n c\u1ea5p \u0111i\u1ec7n, b\u1ea1n s\u1ebd c\u00f3 th\u1ec3 t\u00ecm ra k\u00edch th\u01b0\u1edbc m\u00e1y ph\u00e1t \u0111i\u1ec7n c\u1ea7n thi\u1ebft.<\/p>\n\t\t\t\t\t\t\t\t\t\t\t\t\t\t\t\t\t\t<\/div>\n\t\t\t\t<\/div>\n\t\t\t\t\t\t\t\n\t\t\t\t<div class=\"wd-accordion-item\">\n\t\t\t\t\t<div class=\"wd-accordion-title\" data-accordion-index=\"1\">\n\t\t\t\t\t\t<div class=\"wd-accordion-title-text\">\n\t\t\t\t\t\t\t\t\t\t\t\t\t\t<span>\n\t\t\t\t\t\t\t\tT\u00f4i n\u00ean b\u1ea3o qu\u1ea3n m\u00e1y ph\u00e1t \u0111i\u1ec7n nh\u01b0 th\u1ebf n\u00e0o khi kh\u00f4ng s\u1eed d\u1ee5ng?\t\t\t\t\t\t\t<\/span>\n\t\t\t\t\t\t<\/div>\n\t\t\t\t\t\t<span class=\"wd-accordion-opener\"><\/span>\n\t\t\t\t\t<\/div>\n\n\t\t\t\t\t<div class=\"wd-accordion-content wd-entry-content\" data-accordion-index=\"1\">\n\t\t\t\t\t\t\t\t\t\t\t\t\t\n\t\t\t\t\t\t\t<p>B\u1ea3o qu\u1ea3n m\u00e1y ph\u00e1t \u0111i\u1ec7n \u1edf n\u01a1i kh\u00f4 r\u00e1o, s\u1ea1ch s\u1ebd, tr\u00e1nh \u1ea9m \u01b0\u1edbt v\u00e0 b\u1ee5i b\u1ea9n. B\u1ea1n c\u0169ng c\u00f3 th\u1ec3 th\u00eam ch\u1ea5t \u1ed5n \u0111\u1ecbnh nhi\u00ean li\u1ec7u v\u00e0o b\u00ecnh v\u00e0 ch\u1ea1y m\u00e1y ph\u00e1t \u0111i\u1ec7n trong v\u00e0i ph\u00fat tr\u01b0\u1edbc khi c\u1ea5t \u0111\u1ec3 ch\u1ea5t \u1ed5n \u0111\u1ecbnh l\u01b0u th\u00f4ng trong \u0111\u1ed9ng c\u01a1.<\/p>\n\t\t\t\t\t\t\t\t\t\t\t\t\t\t\t\t\t\t<\/div>\n\t\t\t\t<\/div>\n\t\t\t\t\t\t\t\n\t\t\t\t<div class=\"wd-accordion-item\">\n\t\t\t\t\t<div class=\"wd-accordion-title\" data-accordion-index=\"2\">\n\t\t\t\t\t\t<div class=\"wd-accordion-title-text\">\n\t\t\t\t\t\t\t\t\t\t\t\t\t\t<span>\n\t\t\t\t\t\t\t\tS\u1ef1 kh\u00e1c bi\u1ec7t gi\u1eefa m\u00e1y ph\u00e1t \u0111i\u1ec7n di \u0111\u1ed9ng v\u00e0 m\u00e1y ph\u00e1t \u0111i\u1ec7n bi\u1ebfn t\u1ea7n l\u00e0 g\u00ec?\t\t\t\t\t\t\t<\/span>\n\t\t\t\t\t\t<\/div>\n\t\t\t\t\t\t<span class=\"wd-accordion-opener\"><\/span>\n\t\t\t\t\t<\/div>\n\n\t\t\t\t\t<div class=\"wd-accordion-content wd-entry-content\" data-accordion-index=\"2\">\n\t\t\t\t\t\t\t\t\t\t\t\t\t\n\t\t\t\t\t\t\t<p>M\u00e1y ph\u00e1t \u0111i\u1ec7n di \u0111\u1ed9ng ch\u1ea1y \u1edf t\u1ed1c \u0111\u1ed9 kh\u00f4ng \u0111\u1ed5i v\u00e0 t\u1ea1o ra d\u00f2ng \u0111i\u1ec7n xoay chi\u1ec1u (AC), sau \u0111\u00f3 \u0111\u01b0\u1ee3c chuy\u1ec3n \u0111\u1ed5i th\u00e0nh d\u00f2ng \u0111i\u1ec7n m\u1ed9t chi\u1ec1u (DC). Ng\u01b0\u1ee3c l\u1ea1i, m\u00e1y ph\u00e1t \u0111i\u1ec7n bi\u1ebfn t\u1ea7n s\u1eed d\u1ee5ng \u0111\u1ed9ng c\u01a1 t\u1ed1c \u0111\u1ed9 thay \u0111\u1ed5i \u0111\u1ec3 t\u1ea1o ra d\u00f2ng \u0111i\u1ec7n xoay chi\u1ec1u (AC), sau \u0111\u00f3 \u0111\u01b0\u1ee3c chuy\u1ec3n \u0111\u1ed5i th\u00e0nh d\u00f2ng \u0111i\u1ec7n m\u1ed9t chi\u1ec1u (DC) b\u1edfi m\u1ed9t m\u1ea1ch \u0111i\u1ec7n t\u1eed v\u00e0 tr\u1edf l\u1ea1i th\u00e0nh d\u00f2ng \u0111i\u1ec7n xoay chi\u1ec1u (AC).<\/p>\n\t\t\t\t\t\t\t\t\t\t\t\t\t\t\t\t\t\t<\/div>\n\t\t\t\t<\/div>\n\t\t\t\t\t\t\t\n\t\t\t\t<div class=\"wd-accordion-item\">\n\t\t\t\t\t<div class=\"wd-accordion-title\" data-accordion-index=\"3\">\n\t\t\t\t\t\t<div class=\"wd-accordion-title-text\">\n\t\t\t\t\t\t\t\t\t\t\t\t\t\t<span>\n\t\t\t\t\t\t\t\tGi\u00e1 c\u1ea3 th\u1ebf n\u00e0o?\t\t\t\t\t\t\t<\/span>\n\t\t\t\t\t\t<\/div>\n\t\t\t\t\t\t<span class=\"wd-accordion-opener\"><\/span>\n\t\t\t\t\t<\/div>\n\n\t\t\t\t\t<div class=\"wd-accordion-content wd-entry-content\" data-accordion-index=\"3\">\n\t\t\t\t\t\t\t\t\t\t\t\t\t\n\t\t\t\t\t\t\t<p>Gi\u00e1 c\u1ee7a ch\u00fang t\u00f4i c\u00f3 th\u1ec3 thay \u0111\u1ed5i t\u00f9y thu\u1ed9c v\u00e0o ngu\u1ed3n cung v\u00e0 c\u00e1c y\u1ebfu t\u1ed1 th\u1ecb tr\u01b0\u1eddng kh\u00e1c. Sau khi c\u00f4ng ty b\u1ea1n li\u00ean h\u1ec7 v\u1edbi ch\u00fang t\u00f4i \u0111\u1ec3 bi\u1ebft th\u00eam th\u00f4ng tin, ch\u00fang t\u00f4i s\u1ebd g\u1eedi cho b\u1ea1n b\u1ea3ng gi\u00e1 c\u1eadp nh\u1eadt.<\/p>\n\t\t\t\t\t\t\t\t\t\t\t\t\t\t\t\t\t\t<\/div>\n\t\t\t\t<\/div>\n\t\t\t\t\t\t\t\n\t\t\t\t<div class=\"wd-accordion-item\">\n\t\t\t\t\t<div class=\"wd-accordion-title\" data-accordion-index=\"4\">\n\t\t\t\t\t\t<div class=\"wd-accordion-title-text\">\n\t\t\t\t\t\t\t\t\t\t\t\t\t\t<span>\n\t\t\t\t\t\t\t\tB\u1ea1n c\u00f3 s\u1ed1 l\u01b0\u1ee3ng \u0111\u1eb7t h\u00e0ng t\u1ed1i thi\u1ec3u kh\u00f4ng?\t\t\t\t\t\t\t<\/span>\n\t\t\t\t\t\t<\/div>\n\t\t\t\t\t\t<span class=\"wd-accordion-opener\"><\/span>\n\t\t\t\t\t<\/div>\n\n\t\t\t\t\t<div class=\"wd-accordion-content wd-entry-content\" data-accordion-index=\"4\">\n\t\t\t\t\t\t\t\t\t\t\t\t\t\n\t\t\t\t\t\t\t<p>C\u00f3, ch\u00fang t\u00f4i y\u00eau c\u1ea7u s\u1ed1 l\u01b0\u1ee3ng \u0111\u1eb7t h\u00e0ng t\u1ed1i thi\u1ec3u cho t\u1ea5t c\u1ea3 c\u00e1c \u0111\u01a1n h\u00e0ng qu\u1ed1c t\u1ebf. N\u1ebfu b\u1ea1n mu\u1ed1n b\u00e1n l\u1ea1i nh\u01b0ng v\u1edbi s\u1ed1 l\u01b0\u1ee3ng \u00edt h\u01a1n nhi\u1ec1u, vui l\u00f2ng ki\u1ec3m tra trang web c\u1ee7a ch\u00fang t\u00f4i.<\/p>\n\t\t\t\t\t\t\t\t\t\t\t\t\t\t\t\t\t\t<\/div>\n\t\t\t\t<\/div>\n\t\t\t\t\t\t\t\n\t\t\t\t<div class=\"wd-accordion-item\">\n\t\t\t\t\t<div class=\"wd-accordion-title\" data-accordion-index=\"5\">\n\t\t\t\t\t\t<div class=\"wd-accordion-title-text\">\n\t\t\t\t\t\t\t\t\t\t\t\t\t\t<span>\n\t\t\t\t\t\t\t\tS\u1ea3n ph\u1ea9m c\u1ee7a b\u1ea1n c\u00f3 \u0111\u01b0\u1ee3c ch\u1ee9ng nh\u1eadn kh\u00f4ng?\t\t\t\t\t\t\t<\/span>\n\t\t\t\t\t\t<\/div>\n\t\t\t\t\t\t<span class=\"wd-accordion-opener\"><\/span>\n\t\t\t\t\t<\/div>\n\n\t\t\t\t\t<div class=\"wd-accordion-content wd-entry-content\" data-accordion-index=\"5\">\n\t\t\t\t\t\t\t\t\t\t\t\t\t\n\t\t\t\t\t\t\t<p>C\u00f3, s\u1ea3n ph\u1ea9m c\u1ee7a ch\u00fang t\u00f4i c\u00f3 nhi\u1ec1u b\u1eb1ng s\u00e1ng ch\u1ebf v\u00e0 \u0111\u01b0\u1ee3c ch\u1ee9ng nh\u1eadn \u0111\u1ea7y \u0111\u1ee7 theo ti\u00eau chu\u1ea9n CE v\u00e0 ISO9001.<\/p>\n\t\t\t\t\t\t\t\t\t\t\t\t\t\t\t\t\t\t<\/div>\n\t\t\t\t<\/div>\n\t\t\t\t\t\t\t\n\t\t\t\t<div class=\"wd-accordion-item\">\n\t\t\t\t\t<div class=\"wd-accordion-title\" data-accordion-index=\"6\">\n\t\t\t\t\t\t<div class=\"wd-accordion-title-text\">\n\t\t\t\t\t\t\t\t\t\t\t\t\t\t<span>\n\t\t\t\t\t\t\t\tB\u1ea1n c\u00f3 th\u1ec3 cung c\u1ea5p c\u00e1c t\u00e0i li\u1ec7u c\u00f3 li\u00ean quan kh\u00f4ng?\t\t\t\t\t\t\t<\/span>\n\t\t\t\t\t\t<\/div>\n\t\t\t\t\t\t<span class=\"wd-accordion-opener\"><\/span>\n\t\t\t\t\t<\/div>\n\n\t\t\t\t\t<div class=\"wd-accordion-content wd-entry-content\" data-accordion-index=\"6\">\n\t\t\t\t\t\t\t\t\t\t\t\t\t\n\t\t\t\t\t\t\t<p>C\u00f3, ch\u00fang t\u00f4i c\u00f3 th\u1ec3 cung c\u1ea5p h\u1ea7u h\u1ebft c\u00e1c t\u00e0i li\u1ec7u, bao g\u1ed3m gi\u1ea5y ch\u1ee9ng nh\u1eadn ph\u00e2n t\u00edch\/h\u1ee3p chu\u1ea9n, b\u1ea3o hi\u1ec3m, gi\u1ea5y ch\u1ee9ng nh\u1eadn xu\u1ea5t x\u1ee9 v\u00e0 c\u00e1c t\u00e0i li\u1ec7u xu\u1ea5t kh\u1ea9u kh\u00e1c (n\u1ebfu c\u1ea7n).<\/p>\n\t\t\t\t\t\t\t\t\t\t\t\t\t\t\t\t\t\t<\/div>\n\t\t\t\t<\/div>\n\t\t\t\t\t\t\t\n\t\t\t\t<div class=\"wd-accordion-item\">\n\t\t\t\t\t<div class=\"wd-accordion-title\" data-accordion-index=\"7\">\n\t\t\t\t\t\t<div class=\"wd-accordion-title-text\">\n\t\t\t\t\t\t\t\t\t\t\t\t\t\t<span>\n\t\t\t\t\t\t\t\tB\u1ea1n c\u00f3 cung c\u1ea5p d\u1ecbch v\u1ee5 t\u00f9y ch\u1ec9nh kh\u00f4ng?\t\t\t\t\t\t\t<\/span>\n\t\t\t\t\t\t<\/div>\n\t\t\t\t\t\t<span class=\"wd-accordion-opener\"><\/span>\n\t\t\t\t\t<\/div>\n\n\t\t\t\t\t<div class=\"wd-accordion-content wd-entry-content\" data-accordion-index=\"7\">\n\t\t\t\t\t\t\t\t\t\t\t\t\t\n\t\t\t\t\t\t\t<p>C\u00f3, ch\u00fang t\u00f4i cung c\u1ea5p d\u1ecbch v\u1ee5 OEM. \u0110\u1ed9i ng\u0169 k\u1ef9 thu\u1eadt c\u1ee7a ch\u00fang t\u00f4i c\u00f3 th\u1ec3 thi\u1ebft k\u1ebf v\u00e0 s\u1ea3n xu\u1ea5t s\u1ea3n ph\u1ea9m d\u1ef1a tr\u00ean y\u00eau c\u1ea7u c\u1ee5 th\u1ec3 c\u1ee7a b\u1ea1n.<\/p>\n\t\t\t\t\t\t\t\t\t\t\t\t\t\t\t\t\t\t<\/div>\n\t\t\t\t<\/div>\n\t\t\t\t\t\t\t\n\t\t\t\t<div class=\"wd-accordion-item\">\n\t\t\t\t\t<div class=\"wd-accordion-title\" data-accordion-index=\"8\">\n\t\t\t\t\t\t<div class=\"wd-accordion-title-text\">\n\t\t\t\t\t\t\t\t\t\t\t\t\t\t<span>\n\t\t\t\t\t\t\t\tB\u1ea1n c\u00f3 cung c\u1ea5p d\u1ecbch v\u1ee5 sau b\u00e1n h\u00e0ng kh\u00f4ng?\t\t\t\t\t\t\t<\/span>\n\t\t\t\t\t\t<\/div>\n\t\t\t\t\t\t<span class=\"wd-accordion-opener\"><\/span>\n\t\t\t\t\t<\/div>\n\n\t\t\t\t\t<div class=\"wd-accordion-content wd-entry-content\" data-accordion-index=\"8\">\n\t\t\t\t\t\t\t\t\t\t\t\t\t\n\t\t\t\t\t\t\t<p>C\u00f3, ch\u00fang t\u00f4i cung c\u1ea5p d\u1ecbch v\u1ee5 h\u1ed7 tr\u1ee3 sau b\u00e1n h\u00e0ng to\u00e0n di\u1ec7n, bao g\u1ed3m t\u01b0 v\u1ea5n k\u1ef9 thu\u1eadt, h\u01b0\u1edbng d\u1eabn l\u1eafp \u0111\u1eb7t v\u00e0 d\u1ecbch v\u1ee5 s\u1eeda ch\u1eefa. Vui l\u00f2ng li\u00ean h\u1ec7 v\u1edbi ch\u00fang t\u00f4i n\u1ebfu b\u1ea1n g\u1eb7p b\u1ea5t k\u1ef3 v\u1ea5n \u0111\u1ec1 n\u00e0o.<\/p>\n\t\t\t\t\t\t\t\t\t\t\t\t\t\t\t\t\t\t<\/div>\n\t\t\t\t<\/div>\n\t\t\t\t\t\t\t\n\t\t\t\t<div class=\"wd-accordion-item\">\n\t\t\t\t\t<div class=\"wd-accordion-title\" data-accordion-index=\"9\">\n\t\t\t\t\t\t<div class=\"wd-accordion-title-text\">\n\t\t\t\t\t\t\t\t\t\t\t\t\t\t<span>\n\t\t\t\t\t\t\t\tPh\u1ea3i m\u1ea5t bao nhi\u00eau ng\u00e0y \u0111\u1ec3 s\u1ea3n xu\u1ea5t v\u00e0 giao h\u00e0ng?\t\t\t\t\t\t\t<\/span>\n\t\t\t\t\t\t<\/div>\n\t\t\t\t\t\t<span class=\"wd-accordion-opener\"><\/span>\n\t\t\t\t\t<\/div>\n\n\t\t\t\t\t<div class=\"wd-accordion-content wd-entry-content\" data-accordion-index=\"9\">\n\t\t\t\t\t\t\t\t\t\t\t\t\t\n\t\t\t\t\t\t\t<p>Th\u00f4ng th\u01b0\u1eddng, container 2x40 feet m\u1ea5t 20-25 ng\u00e0y l\u00e0m vi\u1ec7c. Ngo\u00e0i ra, c\u00e1c \u0111\u01a1n h\u00e0ng m\u1eabu ti\u00eau chu\u1ea9n c\u00f3 th\u1ec3 \u0111\u01b0\u1ee3c ho\u00e0n th\u00e0nh trong v\u00f2ng 5 ng\u00e0y.<\/p>\n\t\t\t\t\t\t\t\t\t\t\t\t\t\t\t\t\t\t<\/div>\n\t\t\t\t<\/div>\n\t\t\t\t\t\t\t\n\t\t\t\t<div class=\"wd-accordion-item\">\n\t\t\t\t\t<div class=\"wd-accordion-title\" data-accordion-index=\"10\">\n\t\t\t\t\t\t<div class=\"wd-accordion-title-text\">\n\t\t\t\t\t\t\t\t\t\t\t\t\t\t<span>\n\t\t\t\t\t\t\t\tKi\u1ec3m so\u00e1t ch\u1ea5t l\u01b0\u1ee3ng c\u1ee7a nh\u00e0 m\u00e1y b\u1ea1n nh\u01b0 th\u1ebf n\u00e0o?\t\t\t\t\t\t\t<\/span>\n\t\t\t\t\t\t<\/div>\n\t\t\t\t\t\t<span class=\"wd-accordion-opener\"><\/span>\n\t\t\t\t\t<\/div>\n\n\t\t\t\t\t<div class=\"wd-accordion-content wd-entry-content\" data-accordion-index=\"10\">\n\t\t\t\t\t\t\t\t\t\t\t\t\t\n\t\t\t\t\t\t\t<p>Ch\u00fang t\u00f4i tu\u00e2n th\u1ee7 nghi\u00eam ng\u1eb7t quy tr\u00ecnh QC ho\u00e0n ch\u1ec9nh, bao g\u1ed3m ki\u1ec3m tra \u0111\u1ea7u v\u00e0o, ki\u1ec3m tra quy tr\u00ecnh v\u00e0 ki\u1ec3m tra cu\u1ed1i c\u00f9ng. N\u00f3i c\u00e1ch kh\u00e1c, m\u1ed7i s\u1ea3n ph\u1ea9m ph\u1ea3i \u0111\u01b0\u1ee3c ki\u1ec3m tra tr\u00ean d\u00e2y chuy\u1ec1n s\u1ea3n xu\u1ea5t tr\u01b0\u1edbc khi xu\u1ea5t x\u01b0\u1edfng.<\/p>\n\t\t\t\t\t\t\t\t\t\t\t\t\t\t\t\t\t\t<\/div>\n\t\t\t\t<\/div>\n\t\t\t\t\t\t\t\n\t\t\t\t<div class=\"wd-accordion-item\">\n\t\t\t\t\t<div class=\"wd-accordion-title\" data-accordion-index=\"11\">\n\t\t\t\t\t\t<div class=\"wd-accordion-title-text\">\n\t\t\t\t\t\t\t\t\t\t\t\t\t\t<span>\n\t\t\t\t\t\t\t\tB\u1ea1n ch\u1ea5p nh\u1eadn nh\u1eefng ph\u01b0\u01a1ng th\u1ee9c thanh to\u00e1n n\u00e0o?\t\t\t\t\t\t\t<\/span>\n\t\t\t\t\t\t<\/div>\n\t\t\t\t\t\t<span class=\"wd-accordion-opener\"><\/span>\n\t\t\t\t\t<\/div>\n\n\t\t\t\t\t<div class=\"wd-accordion-content wd-entry-content\" data-accordion-index=\"11\">\n\t\t\t\t\t\t\t\t\t\t\t\t\t\n\t\t\t\t\t\t\t<p>Ch\u00fang t\u00f4i ch\u1ea5p nh\u1eadn nhi\u1ec1u ph\u01b0\u01a1ng th\u1ee9c thanh to\u00e1n kh\u00e1c nhau, bao g\u1ed3m chuy\u1ec3n kho\u1ea3n \u0111i\u1ec7n t\u1eed (T\/T) v\u00e0 th\u01b0 t\u00edn d\u1ee5ng (L\/C). \u0110i\u1ec1u kho\u1ea3n thanh to\u00e1n c\u00f3 th\u1ec3 \u0111\u01b0\u1ee3c th\u01b0\u01a1ng l\u01b0\u1ee3ng d\u1ef1a tr\u00ean \u0111\u01a1n h\u00e0ng c\u1ee7a b\u1ea1n.<\/p>\n\t\t\t\t\t\t\t\t\t\t\t\t\t\t\t\t\t\t<\/div>\n\t\t\t\t<\/div>\n\t\t\t\t\t<\/div>\n\t\t\t\t\t\t<\/div>\n\t\t\t\t<\/div>\n\t\t\t\t<div class=\"elementor-element elementor-element-c058975 elementor-widget elementor-widget-spacer\" data-id=\"c058975\" data-element_type=\"widget\" data-widget_type=\"spacer.default\">\n\t\t\t\t<div class=\"elementor-widget-container\">\n\t\t\t\t\t\t\t<div class=\"elementor-spacer\">\n\t\t\t<div class=\"elementor-spacer-inner\"><\/div>\n\t\t<\/div>\n\t\t\t\t\t\t<\/div>\n\t\t\t\t<\/div>\n\t\t\t\t\t<\/div>\n\t\t\t\t<\/div>\n\t\t\t\t<\/div>","protected":false},"excerpt":{"rendered":"<p>What size generator should I buy? The required power will determine the appropriate size of the generator for you. Add<\/p>","protected":false},"author":1,"featured_media":0,"parent":0,"menu_order":0,"comment_status":"closed","ping_status":"closed","template":"","meta":{"footnotes":""},"class_list":["post-15906","page","type-page","status-publish","hentry"],"yoast_head":"<!-- This site is optimized with the Yoast SEO plugin v25.6 - https:\/\/yoast.com\/wordpress\/plugins\/seo\/ -->\n<title>Frequently Asked Questions - generator<\/title>\n<meta name=\"robots\" content=\"index, follow, max-snippet:-1, max-image-preview:large, max-video-preview:-1\" \/>\n<link rel=\"canonical\" href=\"https:\/\/www.bocon-tec.com\/vi\/faq\/\" \/>\n<meta property=\"og:locale\" content=\"vi_VN\" \/>\n<meta property=\"og:type\" content=\"article\" \/>\n<meta property=\"og:title\" content=\"Frequently Asked Questions - generator\" \/>\n<meta property=\"og:description\" content=\"What size generator should I buy? The required power will determine the appropriate size of the generator for you. Add\" \/>\n<meta property=\"og:url\" content=\"https:\/\/www.bocon-tec.com\/vi\/faq\/\" \/>\n<meta property=\"og:site_name\" content=\"generator\" \/>\n<meta property=\"article:modified_time\" content=\"2025-07-11T10:30:52+00:00\" \/>\n<meta name=\"twitter:card\" content=\"summary_large_image\" \/>\n<meta name=\"twitter:label1\" content=\"\u01af\u1edbc t\u00ednh th\u1eddi gian \u0111\u1ecdc\" \/>\n\t<meta name=\"twitter:data1\" content=\"2 ph\u00fat\" \/>\n<script type=\"application\/ld+json\" class=\"yoast-schema-graph\">{\"@context\":\"https:\/\/schema.org\",\"@graph\":[{\"@type\":\"WebPage\",\"@id\":\"https:\/\/www.bocon-tec.com\/faq\/\",\"url\":\"https:\/\/www.bocon-tec.com\/faq\/\",\"name\":\"Frequently Asked Questions - generator\",\"isPartOf\":{\"@id\":\"https:\/\/www.bocon-tec.com\/#website\"},\"datePublished\":\"2025-07-03T06:59:06+00:00\",\"dateModified\":\"2025-07-11T10:30:52+00:00\",\"breadcrumb\":{\"@id\":\"https:\/\/www.bocon-tec.com\/faq\/#breadcrumb\"},\"inLanguage\":\"vi\",\"potentialAction\":[{\"@type\":\"ReadAction\",\"target\":[\"https:\/\/www.bocon-tec.com\/faq\/\"]}]},{\"@type\":\"BreadcrumbList\",\"@id\":\"https:\/\/www.bocon-tec.com\/faq\/#breadcrumb\",\"itemListElement\":[{\"@type\":\"ListItem\",\"position\":1,\"name\":\"Home\",\"item\":\"https:\/\/www.bocon-tec.com\/\"},{\"@type\":\"ListItem\",\"position\":2,\"name\":\"Frequently Asked Questions\"}]},{\"@type\":\"WebSite\",\"@id\":\"https:\/\/www.bocon-tec.com\/#website\",\"url\":\"https:\/\/www.bocon-tec.com\/\",\"name\":\"generator\",\"description\":\"\",\"potentialAction\":[{\"@type\":\"SearchAction\",\"target\":{\"@type\":\"EntryPoint\",\"urlTemplate\":\"https:\/\/www.bocon-tec.com\/?s={search_term_string}\"},\"query-input\":{\"@type\":\"PropertyValueSpecification\",\"valueRequired\":true,\"valueName\":\"search_term_string\"}}],\"inLanguage\":\"vi\"}]}<\/script>\n<!-- \/ Yoast SEO plugin. -->","yoast_head_json":{"title":"Frequently Asked Questions - generator","robots":{"index":"index","follow":"follow","max-snippet":"max-snippet:-1","max-image-preview":"max-image-preview:large","max-video-preview":"max-video-preview:-1"},"canonical":"https:\/\/www.bocon-tec.com\/vi\/faq\/","og_locale":"vi_VN","og_type":"article","og_title":"Frequently Asked Questions - generator","og_description":"What size generator should I buy? The required power will determine the appropriate size of the generator for you. Add","og_url":"https:\/\/www.bocon-tec.com\/vi\/faq\/","og_site_name":"generator","article_modified_time":"2025-07-11T10:30:52+00:00","twitter_card":"summary_large_image","twitter_misc":{"\u01af\u1edbc t\u00ednh th\u1eddi gian \u0111\u1ecdc":"2 ph\u00fat"},"schema":{"@context":"https:\/\/schema.org","@graph":[{"@type":"WebPage","@id":"https:\/\/www.bocon-tec.com\/faq\/","url":"https:\/\/www.bocon-tec.com\/faq\/","name":"Frequently Asked Questions - generator","isPartOf":{"@id":"https:\/\/www.bocon-tec.com\/#website"},"datePublished":"2025-07-03T06:59:06+00:00","dateModified":"2025-07-11T10:30:52+00:00","breadcrumb":{"@id":"https:\/\/www.bocon-tec.com\/faq\/#breadcrumb"},"inLanguage":"vi","potentialAction":[{"@type":"ReadAction","target":["https:\/\/www.bocon-tec.com\/faq\/"]}]},{"@type":"BreadcrumbList","@id":"https:\/\/www.bocon-tec.com\/faq\/#breadcrumb","itemListElement":[{"@type":"ListItem","position":1,"name":"Home","item":"https:\/\/www.bocon-tec.com\/"},{"@type":"ListItem","position":2,"name":"Frequently Asked Questions"}]},{"@type":"WebSite","@id":"https:\/\/www.bocon-tec.com\/#website","url":"https:\/\/www.bocon-tec.com\/","name":"generator","description":"","potentialAction":[{"@type":"SearchAction","target":{"@type":"EntryPoint","urlTemplate":"https:\/\/www.bocon-tec.com\/?s={search_term_string}"},"query-input":{"@type":"PropertyValueSpecification","valueRequired":true,"valueName":"search_term_string"}}],"inLanguage":"vi"}]}},"_links":{"self":[{"href":"https:\/\/www.bocon-tec.com\/vi\/wp-json\/wp\/v2\/pages\/15906","targetHints":{"allow":["GET"]}}],"collection":[{"href":"https:\/\/www.bocon-tec.com\/vi\/wp-json\/wp\/v2\/pages"}],"about":[{"href":"https:\/\/www.bocon-tec.com\/vi\/wp-json\/wp\/v2\/types\/page"}],"author":[{"embeddable":true,"href":"https:\/\/www.bocon-tec.com\/vi\/wp-json\/wp\/v2\/users\/1"}],"replies":[{"embeddable":true,"href":"https:\/\/www.bocon-tec.com\/vi\/wp-json\/wp\/v2\/comments?post=15906"}],"version-history":[{"count":14,"href":"https:\/\/www.bocon-tec.com\/vi\/wp-json\/wp\/v2\/pages\/15906\/revisions"}],"predecessor-version":[{"id":16439,"href":"https:\/\/www.bocon-tec.com\/vi\/wp-json\/wp\/v2\/pages\/15906\/revisions\/16439"}],"wp:attachment":[{"href":"https:\/\/www.bocon-tec.com\/vi\/wp-json\/wp\/v2\/media?parent=15906"}],"curies":[{"name":"wp","href":"https:\/\/api.w.org\/{rel}","templated":true}]}}